{"id":3957,"date":"2023-10-31T16:08:01","date_gmt":"2023-10-31T15:08:01","guid":{"rendered":"https:\/\/bbe-gmbh.com\/?post_type=product&#038;p=3957"},"modified":"2026-02-19T09:21:45","modified_gmt":"2026-02-19T08:21:45","slug":"handheld-stroboscope-inspection-lamp-1081","status":"publish","type":"product","link":"https:\/\/bbe-gmbh.com\/de\/produkt\/handheld-stroboscope-inspection-lamp-1081\/","title":{"rendered":"Handstroboskop-Inspektionslampe 1081"},"content":{"rendered":"<p>[et_pb_section fb_built=&#8221;1&#8243; specialty=&#8221;on&#8221; _builder_version=&#8221;4.23.1&#8243; _module_preset=&#8221;default&#8221; global_colors_info=&#8221;{}&#8221;][et_pb_column type=&#8221;1_2&#8243; _builder_version=&#8221;4.16&#8243; custom_padding=&#8221;|||&#8221; global_colors_info=&#8221;{}&#8221; custom_padding__hover=&#8221;|||&#8221;][et_pb_wc_breadcrumb _builder_version=&#8221;4.23.1&#8243; module_alignment=&#8221;left&#8221; custom_margin=&#8221;|||0px|false|false&#8221; custom_margin_tablet=&#8221;|||0px|false|false&#8221; custom_margin_phone=&#8221;|||0px|false|false&#8221; custom_margin_last_edited=&#8221;on|desktop&#8221; custom_padding=&#8221;|15px||15px|false|true&#8221; global_colors_info=&#8221;{}&#8221;][\/et_pb_wc_breadcrumb][et_pb_wc_images show_sale_badge=&#8221;off&#8221; _builder_version=&#8221;4.23.1&#8243; global_colors_info=&#8221;{}&#8221;][\/et_pb_wc_images][\/et_pb_column][et_pb_column type=&#8221;1_2&#8243; specialty_columns=&#8221;2&#8243; _builder_version=&#8221;4.16&#8243; custom_padding=&#8221;|||&#8221; global_colors_info=&#8221;{}&#8221; custom_padding__hover=&#8221;|||&#8221;][et_pb_row_inner _builder_version=&#8221;4.23.1&#8243; _module_preset=&#8221;default&#8221; global_colors_info=&#8221;{}&#8221;][et_pb_column_inner saved_specialty_column_type=&#8221;1_2&#8243; _builder_version=&#8221;4.23.1&#8243; _module_preset=&#8221;default&#8221; global_colors_info=&#8221;{}&#8221;][et_pb_wc_title _builder_version=&#8221;4.23.1&#8243; global_colors_info=&#8221;{}&#8221;][\/et_pb_wc_title][et_pb_wc_meta show_categories=&#8221;off&#8221; show_tags=&#8221;off&#8221; admin_label=&#8221;Woo Produkt-Meta&#8221; _builder_version=&#8221;4.23.1&#8243; body_font_size=&#8221;20px&#8221; global_module=&#8221;4048&#8243; global_colors_info=&#8221;{}&#8221;][\/et_pb_wc_meta][et_pb_wc_price _builder_version=&#8221;4.16&#8243; global_colors_info=&#8221;{}&#8221;][\/et_pb_wc_price][et_pb_wc_description _builder_version=&#8221;4.20.4&#8243; body_font_size=&#8221;14px&#8221; global_colors_info=&#8221;{}&#8221;][\/et_pb_wc_description][et_pb_text _builder_version=&#8221;4.27.5&#8243; _module_preset=&#8221;default&#8221; global_colors_info=&#8221;{}&#8221;]<\/p>\n<p>Product inquiry<\/p>\n<p>[\/et_pb_text][et_pb_contact_form email=&#8221;info@bbe-gmbh.com&#8221; title=&#8221;Handlampe 1081&#8243; submit_button_text=&#8221;Send&#8221; _builder_version=&#8221;4.27.5&#8243; _module_preset=&#8221;_initial&#8221; _unique_id=&#8221;31355afd-c45f-4b74-9132-f71d367d4c6c&#8221; title_text_color=&#8221;#FFFFFF&#8221; locked=&#8221;off&#8221; global_colors_info=&#8221;{}&#8221;][et_pb_contact_field field_id=&#8221;Name&#8221; field_title=&#8221;Name&#8221; _builder_version=&#8221;4.27.4&#8243; global_colors_info=&#8221;{}&#8221; button_text_size__hover_enabled=&#8221;off&#8221; button_one_text_size__hover_enabled=&#8221;off&#8221; button_two_text_size__hover_enabled=&#8221;off&#8221; button_text_color__hover_enabled=&#8221;off&#8221; button_one_text_color__hover_enabled=&#8221;off&#8221; button_two_text_color__hover_enabled=&#8221;off&#8221; button_border_width__hover_enabled=&#8221;off&#8221; button_one_border_width__hover_enabled=&#8221;off&#8221; button_two_border_width__hover_enabled=&#8221;off&#8221; button_border_color__hover_enabled=&#8221;off&#8221; button_one_border_color__hover_enabled=&#8221;off&#8221; button_two_border_color__hover_enabled=&#8221;off&#8221; button_border_radius__hover_enabled=&#8221;off&#8221; button_one_border_radius__hover_enabled=&#8221;off&#8221; button_two_border_radius__hover_enabled=&#8221;off&#8221; button_letter_spacing__hover_enabled=&#8221;off&#8221; button_one_letter_spacing__hover_enabled=&#8221;off&#8221; button_two_letter_spacing__hover_enabled=&#8221;off&#8221; button_bg_color__hover_enabled=&#8221;off&#8221; button_one_bg_color__hover_enabled=&#8221;off&#8221; button_two_bg_color__hover_enabled=&#8221;off&#8221;][\/et_pb_contact_field][et_pb_contact_field field_id=&#8221;Email&#8221; field_title=&#8221;E-Mail&#8221; field_type=&#8221;email&#8221; _builder_version=&#8221;4.27.5&#8243; global_colors_info=&#8221;{}&#8221; button_text_size__hover_enabled=&#8221;off&#8221; button_one_text_size__hover_enabled=&#8221;off&#8221; button_two_text_size__hover_enabled=&#8221;off&#8221; button_text_color__hover_enabled=&#8221;off&#8221; button_one_text_color__hover_enabled=&#8221;off&#8221; button_two_text_color__hover_enabled=&#8221;off&#8221; button_border_width__hover_enabled=&#8221;off&#8221; button_one_border_width__hover_enabled=&#8221;off&#8221; button_two_border_width__hover_enabled=&#8221;off&#8221; button_border_color__hover_enabled=&#8221;off&#8221; button_one_border_color__hover_enabled=&#8221;off&#8221; button_two_border_color__hover_enabled=&#8221;off&#8221; button_border_radius__hover_enabled=&#8221;off&#8221; button_one_border_radius__hover_enabled=&#8221;off&#8221; button_two_border_radius__hover_enabled=&#8221;off&#8221; button_letter_spacing__hover_enabled=&#8221;off&#8221; button_one_letter_spacing__hover_enabled=&#8221;off&#8221; button_two_letter_spacing__hover_enabled=&#8221;off&#8221; button_bg_color__hover_enabled=&#8221;off&#8221; button_one_bg_color__hover_enabled=&#8221;off&#8221; button_two_bg_color__hover_enabled=&#8221;off&#8221;][\/et_pb_contact_field][et_pb_contact_field field_id=&#8221;Company&#8221; field_title=&#8221;Company&#8221; required_mark=&#8221;off&#8221; fullwidth_field=&#8221;on&#8221; _builder_version=&#8221;4.27.5&#8243; _module_preset=&#8221;default&#8221; global_colors_info=&#8221;{}&#8221;][\/et_pb_contact_field][et_pb_contact_field field_id=&#8221;Customer_number&#8221; field_title=&#8221;Customer number&#8221; required_mark=&#8221;off&#8221; _builder_version=&#8221;4.27.5&#8243; _module_preset=&#8221;default&#8221; global_colors_info=&#8221;{}&#8221;][\/et_pb_contact_field][et_pb_contact_field field_id=&#8221;Phone&#8221; field_title=&#8221;Phone&#8221; required_mark=&#8221;off&#8221; _builder_version=&#8221;4.27.5&#8243; _module_preset=&#8221;default&#8221; global_colors_info=&#8221;{}&#8221;][\/et_pb_contact_field][et_pb_contact_field field_id=&#8221;Message&#8221; field_title=&#8221;Message&#8221; field_type=&#8221;text&#8221; fullwidth_field=&#8221;on&#8221; _builder_version=&#8221;4.27.5&#8243; global_colors_info=&#8221;{}&#8221; button_text_size__hover_enabled=&#8221;off&#8221; button_one_text_size__hover_enabled=&#8221;off&#8221; button_two_text_size__hover_enabled=&#8221;off&#8221; button_text_color__hover_enabled=&#8221;off&#8221; button_one_text_color__hover_enabled=&#8221;off&#8221; button_two_text_color__hover_enabled=&#8221;off&#8221; button_border_width__hover_enabled=&#8221;off&#8221; button_one_border_width__hover_enabled=&#8221;off&#8221; button_two_border_width__hover_enabled=&#8221;off&#8221; button_border_color__hover_enabled=&#8221;off&#8221; button_one_border_color__hover_enabled=&#8221;off&#8221; button_two_border_color__hover_enabled=&#8221;off&#8221; button_border_radius__hover_enabled=&#8221;off&#8221; button_one_border_radius__hover_enabled=&#8221;off&#8221; button_two_border_radius__hover_enabled=&#8221;off&#8221; button_letter_spacing__hover_enabled=&#8221;off&#8221; button_one_letter_spacing__hover_enabled=&#8221;off&#8221; button_two_letter_spacing__hover_enabled=&#8221;off&#8221; button_bg_color__hover_enabled=&#8221;off&#8221; button_one_bg_color__hover_enabled=&#8221;off&#8221; button_two_bg_color__hover_enabled=&#8221;off&#8221;][\/et_pb_contact_field][\/et_pb_contact_form][et_pb_wc_meta show_tags=&#8221;off&#8221; _builder_version=&#8221;4.20.4&#8243; global_colors_info=&#8221;{}&#8221;][\/et_pb_wc_meta][\/et_pb_column_inner][\/et_pb_row_inner][\/et_pb_column][\/et_pb_section][et_pb_section fb_built=&#8221;1&#8243; _builder_version=&#8221;4.23.1&#8243; width=&#8221;100%&#8221; custom_margin=&#8221;-150px||||false|false&#8221; custom_padding=&#8221;0em||||false|false&#8221; global_colors_info=&#8221;{}&#8221;][et_pb_row custom_padding_last_edited=&#8221;on|phone&#8221; _builder_version=&#8221;4.23.1&#8243; background_size=&#8221;initial&#8221; background_position=&#8221;top_left&#8221; background_repeat=&#8221;repeat&#8221; width=&#8221;100%&#8221; max_width_tablet=&#8221;1800px&#8221; max_width_phone=&#8221;1800px&#8221; max_width_last_edited=&#8221;on|desktop&#8221; module_alignment=&#8221;center&#8221; custom_padding_tablet=&#8221;|15px||15px|false|true&#8221; custom_padding_phone=&#8221;|15px||15px|false|true&#8221; global_colors_info=&#8221;{}&#8221;][et_pb_column type=&#8221;4_4&#8243; _builder_version=&#8221;4.16&#8243; custom_padding=&#8221;|||&#8221; global_colors_info=&#8221;{}&#8221; custom_padding__hover=&#8221;|||&#8221;][et_pb_wc_tabs _builder_version=&#8221;4.23.1&#8243; body_text_align=&#8221;left&#8221; body_font_size=&#8221;16px&#8221; width_tablet=&#8221;&#8221; width_phone=&#8221;100%&#8221; width_last_edited=&#8221;on|phone&#8221; max_width=&#8221;100%&#8221; module_alignment=&#8221;center&#8221; body_font_size_tablet=&#8221;16px&#8221; body_font_size_phone=&#8221;14px&#8221; body_font_size_last_edited=&#8221;on|desktop&#8221; global_colors_info=&#8221;{}&#8221;]\t\t\t\t\t[\/et_pb_wc_tabs][et_pb_wc_upsells _builder_version=&#8221;4.23.1&#8243; global_colors_info=&#8221;{}&#8221;][\/et_pb_wc_upsells][et_pb_wc_related_products _builder_version=&#8221;4.23.1&#8243; product_title_font_size=&#8221;20px&#8221; global_colors_info=&#8221;{}&#8221;][\/et_pb_wc_related_products][\/et_pb_column][\/et_pb_row][\/et_pb_section]<\/p>\n","protected":false},"excerpt":{"rendered":"<p data-start=\"736\" data-end=\"901\">Die Handstroboskop-Inspektionslampe 1081 ist f\u00fcr professionelle stroboskopbasierte Bewegungsanalysen und Inspektionsaufgaben in industriellen Umgebungen konzipiert.<\/p>\n<p data-start=\"903\" data-end=\"1240\">Die Lampe erm\u00f6glicht eine separate Objektbeleuchtung, unabh\u00e4ngig von der Stroboskop-Steuereinheit, wodurch das Licht pr\u00e4zise direkt auf bewegliche oder rotierende Komponenten fokussiert werden kann.<br data-start=\"1081\" data-end=\"1084\" \/>Der einstellbare Fokus erm\u00f6glicht eine konzentrierte Lichtabgabe f\u00fcr eine genaue Beobachtung, selbst aus gr\u00f6\u00dferer Entfernung, und erh\u00f6ht so die Betriebssicherheit und Effizienz.<\/p>\n<p data-start=\"1242\" data-end=\"1513\">Diese Inspektionsleuchte unterst\u00fctzt die rationelle \u00dcberwachung mehrerer Bewegungsprozesse und eignet sich ideal f\u00fcr Wartungs-, Diagnose-, Qualit\u00e4tskontroll- und industrielle Inspektionsabl\u00e4ufe.<br data-start=\"1421\" data-end=\"1424\" \/>Die Kompatibilit\u00e4t mit Movistrob\u00ae-Stroboskop-Systemen wird als sekund\u00e4re Funktion bereitgestellt.<\/p>","protected":false},"featured_media":4318,"template":"","meta":{"_et_pb_use_builder":"on","_et_pb_old_content":"<div class=\"pttxt\">\r\n<table>\r\n<tbody>\r\n<tr>\r\n<td style=\"width: 112.812px\">Cable lenght:<\/td>\r\n<td style=\"width: 366.516px\">max. 2,5 m spiral cable<\/td>\r\n<\/tr>\r\n<tr>\r\n<td style=\"width: 112.812px\">\u00d8 Handle:<\/td>\r\n<td style=\"width: 366.516px\">40 mm<\/td>\r\n<\/tr>\r\n<tr>\r\n<td style=\"width: 112.812px\">\u00d8 Lamp head:<\/td>\r\n<td style=\"width: 366.516px\">110 mm<\/td>\r\n<\/tr>\r\n<tr>\r\n<td style=\"width: 112.812px\">Overall length:<\/td>\r\n<td style=\"width: 366.516px\">180 mm<\/td>\r\n<\/tr>\r\n<tr>\r\n<td style=\"width: 112.812px\">Weight:<\/td>\r\n<td style=\"width: 366.516px\">0,600 kg<\/td>\r\n<\/tr>\r\n<\/tbody>\r\n<\/table>\r\n<\/div>\r\n<div><\/div>","_et_gb_content_width":""},"product_brand":[],"product_cat":[34,45],"product_tag":[37,36,53,55,214,223,227,52,54,226,229,224,213,225,38,218,167,222,228,35,39,59],"class_list":{"0":"post-3957","1":"product","2":"type-product","3":"status-publish","4":"has-post-thumbnail","6":"product_cat-stroboskope","7":"product_cat-zubehoer","8":"product_tag-230v","9":"product_tag-analog","10":"product_tag-ausleuchtung","11":"product_tag-autonom","12":"product_tag-focused-inspection-lamp","13":"product_tag-handheld-stroboscope-lamp","14":"product_tag-handheld-stroboscope-light","15":"product_tag-handlampe","16":"product_tag-handlich","17":"product_tag-industrial-inspection-equipment","18":"product_tag-industrial-inspection-lighting","19":"product_tag-industrial-stroboscope-lighting","20":"product_tag-inspection-light","21":"product_tag-motion-analysis-lighting","22":"product_tag-movistrob","23":"product_tag-portable-inspection-light","24":"product_tag-stroboscope-accessory","25":"product_tag-stroboscope-inspection-lamp","26":"product_tag-stroboscope-work-light","27":"product_tag-stroboskop","28":"product_tag-xenon","29":"product_tag-zubehoer","31":"first","32":"instock","33":"taxable","34":"shipping-taxable","35":"purchasable","36":"product-type-simple"},"yoast_head":"<!-- This site is optimized with the Yoast SEO Premium plugin v27.2 (Yoast SEO v27.2) - https:\/\/yoast.com\/product\/yoast-seo-premium-wordpress\/ -->\n<title>Handheld Stroboscope Inspection Lamp 1081 | BBE GmbH<\/title>\n<meta name=\"description\" content=\"Handheld stroboscope inspection lamp with focused object illumination, adjustable beam and safe long-distance operation for industrial inspections.\" \/>\n<meta name=\"robots\" content=\"index, follow, max-snippet:-1, max-image-preview:large, max-video-preview:-1\" \/>\n<link rel=\"canonical\" href=\"https:\/\/bbe-gmbh.com\/de\/produkt\/handheld-stroboscope-inspection-lamp-1081\/\" \/>\n<meta property=\"og:locale\" content=\"de_DE\" \/>\n<meta property=\"og:type\" content=\"article\" \/>\n<meta property=\"og:title\" content=\"Handheld Stroboscope Inspection Lamp 1081\" \/>\n<meta property=\"og:description\" content=\"Handheld stroboscope inspection lamp with focused object illumination, adjustable beam and safe long-distance operation for industrial inspections.\" \/>\n<meta property=\"og:url\" content=\"https:\/\/bbe-gmbh.com\/de\/produkt\/handheld-stroboscope-inspection-lamp-1081\/\" \/>\n<meta property=\"og:site_name\" content=\"BBE GmbH | High-Performance Industrial Stroboscopes &amp; Measurement Systems\" \/>\n<meta property=\"article:modified_time\" content=\"2026-02-19T08:21:45+00:00\" \/>\n<meta property=\"og:image\" content=\"https:\/\/bbe-gmbh.com\/wp-content\/uploads\/2023\/10\/MOVISTROB-Handlampe-1081-Stroboskop-BBE-GmbH.jpg\" \/>\n\t<meta property=\"og:image:width\" content=\"1620\" \/>\n\t<meta property=\"og:image:height\" content=\"1620\" \/>\n\t<meta property=\"og:image:type\" content=\"image\/jpeg\" \/>\n<meta name=\"twitter:card\" content=\"summary_large_image\" \/>\n<meta name=\"twitter:label1\" content=\"Gesch\u00e4tzte Lesezeit\" \/>\n\t<meta name=\"twitter:data1\" content=\"4\u00a0Minuten\" \/>\n<script type=\"application\/ld+json\" class=\"yoast-schema-graph\">{\"@context\":\"https:\/\/schema.org\",\"@graph\":[{\"@type\":\"WebPage\",\"@id\":\"https:\/\/bbe-gmbh.com\/produkt\/handheld-stroboscope-inspection-lamp-1081\/\",\"url\":\"https:\/\/bbe-gmbh.com\/produkt\/handheld-stroboscope-inspection-lamp-1081\/\",\"name\":\"Handheld Stroboscope Inspection Lamp 1081 | BBE GmbH\",\"isPartOf\":{\"@id\":\"https:\/\/bbe-gmbh.com\/#website\"},\"primaryImageOfPage\":{\"@id\":\"https:\/\/bbe-gmbh.com\/produkt\/handheld-stroboscope-inspection-lamp-1081\/#primaryimage\"},\"image\":{\"@id\":\"https:\/\/bbe-gmbh.com\/produkt\/handheld-stroboscope-inspection-lamp-1081\/#primaryimage\"},\"thumbnailUrl\":\"https:\/\/bbe-gmbh.com\/wp-content\/uploads\/2023\/10\/MOVISTROB-Handlampe-1081-Stroboskop-BBE-GmbH.jpg\",\"datePublished\":\"2023-10-31T15:08:01+00:00\",\"dateModified\":\"2026-02-19T08:21:45+00:00\",\"description\":\"Handheld stroboscope inspection lamp with focused object illumination, adjustable beam and safe long-distance operation for industrial inspections.\",\"breadcrumb\":{\"@id\":\"https:\/\/bbe-gmbh.com\/produkt\/handheld-stroboscope-inspection-lamp-1081\/#breadcrumb\"},\"inLanguage\":\"de\",\"potentialAction\":[{\"@type\":\"ReadAction\",\"target\":[\"https:\/\/bbe-gmbh.com\/produkt\/handheld-stroboscope-inspection-lamp-1081\/\"]}]},{\"@type\":\"ImageObject\",\"inLanguage\":\"de\",\"@id\":\"https:\/\/bbe-gmbh.com\/produkt\/handheld-stroboscope-inspection-lamp-1081\/#primaryimage\",\"url\":\"https:\/\/bbe-gmbh.com\/wp-content\/uploads\/2023\/10\/MOVISTROB-Handlampe-1081-Stroboskop-BBE-GmbH.jpg\",\"contentUrl\":\"https:\/\/bbe-gmbh.com\/wp-content\/uploads\/2023\/10\/MOVISTROB-Handlampe-1081-Stroboskop-BBE-GmbH.jpg\",\"width\":1620,\"height\":1620,\"caption\":\"Handheld stroboscope inspection lamp with focused object illumination\"},{\"@type\":\"BreadcrumbList\",\"@id\":\"https:\/\/bbe-gmbh.com\/produkt\/handheld-stroboscope-inspection-lamp-1081\/#breadcrumb\",\"itemListElement\":[{\"@type\":\"ListItem\",\"position\":1,\"name\":\"Startseite\",\"item\":\"https:\/\/bbe-gmbh.com\/\"},{\"@type\":\"ListItem\",\"position\":2,\"name\":\"Produkte\",\"item\":\"https:\/\/bbe-gmbh.com\/shop\/\"},{\"@type\":\"ListItem\",\"position\":3,\"name\":\"Handheld Stroboscope Inspection Lamp 1081\"}]},{\"@type\":\"WebSite\",\"@id\":\"https:\/\/bbe-gmbh.com\/#website\",\"url\":\"https:\/\/bbe-gmbh.com\/\",\"name\":\"BBE GmbH | High-Performance Industrial Stroboscopes &amp; Measurement Systems\",\"description\":\"Precision Solutions for Industrial Measurement &amp; Motion Analysis\",\"publisher\":{\"@id\":\"https:\/\/bbe-gmbh.com\/#organization\"},\"potentialAction\":[{\"@type\":\"SearchAction\",\"target\":{\"@type\":\"EntryPoint\",\"urlTemplate\":\"https:\/\/bbe-gmbh.com\/?s={search_term_string}\"},\"query-input\":{\"@type\":\"PropertyValueSpecification\",\"valueRequired\":true,\"valueName\":\"search_term_string\"}}],\"inLanguage\":\"de\"},{\"@type\":\"Organization\",\"@id\":\"https:\/\/bbe-gmbh.com\/#organization\",\"name\":\"BBE Bamberg + Bormann-Electronic GmbH\",\"alternateName\":\"BBE Bamberg + Bormann-Electronic GmbH\",\"url\":\"https:\/\/bbe-gmbh.com\/\",\"logo\":{\"@type\":\"ImageObject\",\"inLanguage\":\"de\",\"@id\":\"https:\/\/bbe-gmbh.com\/#\/schema\/logo\/image\/\",\"url\":\"https:\/\/bbe-gmbh.com\/wp-content\/uploads\/2026\/02\/BBE-Logo-neu-2025.png\",\"contentUrl\":\"https:\/\/bbe-gmbh.com\/wp-content\/uploads\/2026\/02\/BBE-Logo-neu-2025.png\",\"width\":500,\"height\":500,\"caption\":\"BBE Bamberg + Bormann-Electronic GmbH\"},\"image\":{\"@id\":\"https:\/\/bbe-gmbh.com\/#\/schema\/logo\/image\/\"},\"description\":\"BBE Bamberg + Bormann Electronic GmbH is a German manufacturer and solution provider specializing in industrial stroboscopes and optical inspection technology. With decades of experience in electronic engineering and industrial measurement systems, BBE develops, produces, and distributes high-precision stroboscopic devices for professional use in industry, manufacturing, and quality control. The company\u2019s product portfolio includes handheld and stationary stroboscopes, LED-based and xenon systems, as well as customized solutions for non-contact speed measurement, motion analysis, and visual inspection of high-speed processes. BBE stroboscopes are widely used in industries such as mechanical engineering, printing, packaging, textiles, automotive manufacturing, and research & development. BBE stands for precision, reliability, and durability. All products are designed for continuous industrial operation and meet high standards of accuracy, safety, and ergonomics. Through continuous innovation and the integration of modern LED and digital control technologies, BBE supports its customers in optimizing production processes, reducing downtime, and improving product quality.\",\"email\":\"info@bbe-gmbh.com\",\"telephone\":\"02932547760\",\"legalName\":\"BBE Bamberg + Bormann-Electronic GmbH\",\"foundingDate\":\"1969-01-01\",\"numberOfEmployees\":{\"@type\":\"QuantitativeValue\",\"minValue\":\"1\",\"maxValue\":\"10\"}}]}<\/script>\n<!-- \/ Yoast SEO Premium plugin. -->","yoast_head_json":{"title":"Handheld Stroboscope Inspection Lamp 1081 | BBE GmbH","description":"Handheld stroboscope inspection lamp with focused object illumination, adjustable beam and safe long-distance operation for industrial inspections.","robots":{"index":"index","follow":"follow","max-snippet":"max-snippet:-1","max-image-preview":"max-image-preview:large","max-video-preview":"max-video-preview:-1"},"canonical":"https:\/\/bbe-gmbh.com\/de\/produkt\/handheld-stroboscope-inspection-lamp-1081\/","og_locale":"de_DE","og_type":"article","og_title":"Handheld Stroboscope Inspection Lamp 1081","og_description":"Handheld stroboscope inspection lamp with focused object illumination, adjustable beam and safe long-distance operation for industrial inspections.","og_url":"https:\/\/bbe-gmbh.com\/de\/produkt\/handheld-stroboscope-inspection-lamp-1081\/","og_site_name":"BBE GmbH | High-Performance Industrial Stroboscopes &amp; Measurement Systems","article_modified_time":"2026-02-19T08:21:45+00:00","og_image":[{"width":1620,"height":1620,"url":"https:\/\/bbe-gmbh.com\/wp-content\/uploads\/2023\/10\/MOVISTROB-Handlampe-1081-Stroboskop-BBE-GmbH.jpg","type":"image\/jpeg"}],"twitter_card":"summary_large_image","twitter_misc":{"Gesch\u00e4tzte Lesezeit":"4\u00a0Minuten"},"schema":{"@context":"https:\/\/schema.org","@graph":[{"@type":"WebPage","@id":"https:\/\/bbe-gmbh.com\/produkt\/handheld-stroboscope-inspection-lamp-1081\/","url":"https:\/\/bbe-gmbh.com\/produkt\/handheld-stroboscope-inspection-lamp-1081\/","name":"Handheld Stroboscope Inspection Lamp 1081 | BBE GmbH","isPartOf":{"@id":"https:\/\/bbe-gmbh.com\/#website"},"primaryImageOfPage":{"@id":"https:\/\/bbe-gmbh.com\/produkt\/handheld-stroboscope-inspection-lamp-1081\/#primaryimage"},"image":{"@id":"https:\/\/bbe-gmbh.com\/produkt\/handheld-stroboscope-inspection-lamp-1081\/#primaryimage"},"thumbnailUrl":"https:\/\/bbe-gmbh.com\/wp-content\/uploads\/2023\/10\/MOVISTROB-Handlampe-1081-Stroboskop-BBE-GmbH.jpg","datePublished":"2023-10-31T15:08:01+00:00","dateModified":"2026-02-19T08:21:45+00:00","description":"Handheld stroboscope inspection lamp with focused object illumination, adjustable beam and safe long-distance operation for industrial inspections.","breadcrumb":{"@id":"https:\/\/bbe-gmbh.com\/produkt\/handheld-stroboscope-inspection-lamp-1081\/#breadcrumb"},"inLanguage":"de","potentialAction":[{"@type":"ReadAction","target":["https:\/\/bbe-gmbh.com\/produkt\/handheld-stroboscope-inspection-lamp-1081\/"]}]},{"@type":"ImageObject","inLanguage":"de","@id":"https:\/\/bbe-gmbh.com\/produkt\/handheld-stroboscope-inspection-lamp-1081\/#primaryimage","url":"https:\/\/bbe-gmbh.com\/wp-content\/uploads\/2023\/10\/MOVISTROB-Handlampe-1081-Stroboskop-BBE-GmbH.jpg","contentUrl":"https:\/\/bbe-gmbh.com\/wp-content\/uploads\/2023\/10\/MOVISTROB-Handlampe-1081-Stroboskop-BBE-GmbH.jpg","width":1620,"height":1620,"caption":"Handheld stroboscope inspection lamp with focused object illumination"},{"@type":"BreadcrumbList","@id":"https:\/\/bbe-gmbh.com\/produkt\/handheld-stroboscope-inspection-lamp-1081\/#breadcrumb","itemListElement":[{"@type":"ListItem","position":1,"name":"Startseite","item":"https:\/\/bbe-gmbh.com\/"},{"@type":"ListItem","position":2,"name":"Produkte","item":"https:\/\/bbe-gmbh.com\/shop\/"},{"@type":"ListItem","position":3,"name":"Handheld Stroboscope Inspection Lamp 1081"}]},{"@type":"WebSite","@id":"https:\/\/bbe-gmbh.com\/#website","url":"https:\/\/bbe-gmbh.com\/","name":"BBE GmbH | High-Performance Industrial Stroboscopes &amp; Measurement Systems","description":"Precision Solutions for Industrial Measurement &amp; Motion Analysis","publisher":{"@id":"https:\/\/bbe-gmbh.com\/#organization"},"potentialAction":[{"@type":"SearchAction","target":{"@type":"EntryPoint","urlTemplate":"https:\/\/bbe-gmbh.com\/?s={search_term_string}"},"query-input":{"@type":"PropertyValueSpecification","valueRequired":true,"valueName":"search_term_string"}}],"inLanguage":"de"},{"@type":"Organization","@id":"https:\/\/bbe-gmbh.com\/#organization","name":"BBE Bamberg + Bormann-Electronic GmbH","alternateName":"BBE Bamberg + Bormann-Electronic GmbH","url":"https:\/\/bbe-gmbh.com\/","logo":{"@type":"ImageObject","inLanguage":"de","@id":"https:\/\/bbe-gmbh.com\/#\/schema\/logo\/image\/","url":"https:\/\/bbe-gmbh.com\/wp-content\/uploads\/2026\/02\/BBE-Logo-neu-2025.png","contentUrl":"https:\/\/bbe-gmbh.com\/wp-content\/uploads\/2026\/02\/BBE-Logo-neu-2025.png","width":500,"height":500,"caption":"BBE Bamberg + Bormann-Electronic GmbH"},"image":{"@id":"https:\/\/bbe-gmbh.com\/#\/schema\/logo\/image\/"},"description":"BBE Bamberg + Bormann Electronic GmbH is a German manufacturer and solution provider specializing in industrial stroboscopes and optical inspection technology. With decades of experience in electronic engineering and industrial measurement systems, BBE develops, produces, and distributes high-precision stroboscopic devices for professional use in industry, manufacturing, and quality control. The company\u2019s product portfolio includes handheld and stationary stroboscopes, LED-based and xenon systems, as well as customized solutions for non-contact speed measurement, motion analysis, and visual inspection of high-speed processes. BBE stroboscopes are widely used in industries such as mechanical engineering, printing, packaging, textiles, automotive manufacturing, and research & development. BBE stands for precision, reliability, and durability. All products are designed for continuous industrial operation and meet high standards of accuracy, safety, and ergonomics. Through continuous innovation and the integration of modern LED and digital control technologies, BBE supports its customers in optimizing production processes, reducing downtime, and improving product quality.","email":"info@bbe-gmbh.com","telephone":"02932547760","legalName":"BBE Bamberg + Bormann-Electronic GmbH","foundingDate":"1969-01-01","numberOfEmployees":{"@type":"QuantitativeValue","minValue":"1","maxValue":"10"}}]}},"jetpack_sharing_enabled":true,"_links":{"self":[{"href":"https:\/\/bbe-gmbh.com\/de\/wp-json\/wp\/v2\/product\/3957","targetHints":{"allow":["GET"]}}],"collection":[{"href":"https:\/\/bbe-gmbh.com\/de\/wp-json\/wp\/v2\/product"}],"about":[{"href":"https:\/\/bbe-gmbh.com\/de\/wp-json\/wp\/v2\/types\/product"}],"wp:featuredmedia":[{"embeddable":true,"href":"https:\/\/bbe-gmbh.com\/de\/wp-json\/wp\/v2\/media\/4318"}],"wp:attachment":[{"href":"https:\/\/bbe-gmbh.com\/de\/wp-json\/wp\/v2\/media?parent=3957"}],"wp:term":[{"taxonomy":"product_brand","embeddable":true,"href":"https:\/\/bbe-gmbh.com\/de\/wp-json\/wp\/v2\/product_brand?post=3957"},{"taxonomy":"product_cat","embeddable":true,"href":"https:\/\/bbe-gmbh.com\/de\/wp-json\/wp\/v2\/product_cat?post=3957"},{"taxonomy":"product_tag","embeddable":true,"href":"https:\/\/bbe-gmbh.com\/de\/wp-json\/wp\/v2\/product_tag?post=3957"}],"curies":[{"name":"wp","href":"https:\/\/api.w.org\/{rel}","templated":true}]}}