{"id":3974,"date":"2023-11-17T11:46:25","date_gmt":"2023-11-17T10:46:25","guid":{"rendered":"https:\/\/bbe-gmbh.com\/?post_type=product&#038;p=3974"},"modified":"2026-02-03T11:14:54","modified_gmt":"2026-02-03T10:14:54","slug":"reflector-for-movistrob-series-300-400-and-500","status":"publish","type":"product","link":"https:\/\/bbe-gmbh.com\/de\/produkt\/reflector-for-movistrob-series-300-400-and-500\/","title":{"rendered":"Reflektor f\u00fcr Movistrob\u00ae Serie 300, 400 und 500"},"content":{"rendered":"<p>[et_pb_section fb_built=&#8221;1&#8243; _builder_version=&#8221;4.16&#8243; custom_padding=&#8221;0px||||false|false&#8221; global_colors_info=&#8221;{}&#8221;][et_pb_row _builder_version=&#8221;4.16&#8243; background_size=&#8221;initial&#8221; background_position=&#8221;top_left&#8221; background_repeat=&#8221;repeat&#8221; width=&#8221;100%&#8221; custom_padding=&#8221;0px||0px||false|false&#8221; global_colors_info=&#8221;{}&#8221;][et_pb_column type=&#8221;4_4&#8243; _builder_version=&#8221;4.16&#8243; custom_padding=&#8221;|||&#8221; global_colors_info=&#8221;{}&#8221; custom_padding__hover=&#8221;|||&#8221;][et_pb_wc_breadcrumb _builder_version=&#8221;4.16&#8243; global_colors_info=&#8221;{}&#8221;][\/et_pb_wc_breadcrumb][et_pb_wc_cart_notice _builder_version=&#8221;4.16&#8243; global_colors_info=&#8221;{}&#8221;][\/et_pb_wc_cart_notice][\/et_pb_column][\/et_pb_row][et_pb_row column_structure=&#8221;1_2,1_2&#8243; _builder_version=&#8221;4.16&#8243; background_size=&#8221;initial&#8221; background_position=&#8221;top_left&#8221; background_repeat=&#8221;repeat&#8221; width=&#8221;100%&#8221; custom_padding=&#8221;0px||||false|false&#8221; global_colors_info=&#8221;{}&#8221;][et_pb_column type=&#8221;1_2&#8243; _builder_version=&#8221;4.16&#8243; custom_padding=&#8221;|||&#8221; global_colors_info=&#8221;{}&#8221; custom_padding__hover=&#8221;|||&#8221;][et_pb_wc_images _builder_version=&#8221;4.16&#8243; global_colors_info=&#8221;{}&#8221;][\/et_pb_wc_images][\/et_pb_column][et_pb_column type=&#8221;1_2&#8243; _builder_version=&#8221;4.16&#8243; custom_padding=&#8221;|||&#8221; global_colors_info=&#8221;{}&#8221; custom_padding__hover=&#8221;|||&#8221;][et_pb_wc_title _builder_version=&#8221;4.16&#8243; global_colors_info=&#8221;{}&#8221;][\/et_pb_wc_title][et_pb_wc_rating _builder_version=&#8221;4.16&#8243; global_colors_info=&#8221;{}&#8221;][\/et_pb_wc_rating][et_pb_wc_price _builder_version=&#8221;4.16&#8243; global_colors_info=&#8221;{}&#8221;][\/et_pb_wc_price][et_pb_wc_description _builder_version=&#8221;4.16&#8243; global_colors_info=&#8221;{}&#8221;][\/et_pb_wc_description][et_pb_text _builder_version=&#8221;4.27.5&#8243; _module_preset=&#8221;default&#8221; global_colors_info=&#8221;{}&#8221;]<\/p>\n<p>Product inquiry<\/p>\n<p>[\/et_pb_text][et_pb_contact_form email=&#8221;info@bbe-gmbh.com&#8221; title=&#8221;Reflektor f\u00fcr Movistrob\u00aeSerien 300, 400, 500&#8243; submit_button_text=&#8221;Send&#8221; _builder_version=&#8221;4.27.5&#8243; _module_preset=&#8221;_initial&#8221; _unique_id=&#8221;31355afd-c45f-4b74-9132-f71d367d4c6c&#8221; title_text_color=&#8221;#FFFFFF&#8221; hover_enabled=&#8221;0&#8243; locked=&#8221;off&#8221; global_colors_info=&#8221;{}&#8221; sticky_enabled=&#8221;0&#8243;][et_pb_contact_field field_id=&#8221;Name&#8221; field_title=&#8221;Name&#8221; _builder_version=&#8221;4.27.4&#8243; global_colors_info=&#8221;{}&#8221; button_text_size__hover_enabled=&#8221;off&#8221; button_one_text_size__hover_enabled=&#8221;off&#8221; button_two_text_size__hover_enabled=&#8221;off&#8221; button_text_color__hover_enabled=&#8221;off&#8221; button_one_text_color__hover_enabled=&#8221;off&#8221; button_two_text_color__hover_enabled=&#8221;off&#8221; button_border_width__hover_enabled=&#8221;off&#8221; button_one_border_width__hover_enabled=&#8221;off&#8221; button_two_border_width__hover_enabled=&#8221;off&#8221; button_border_color__hover_enabled=&#8221;off&#8221; button_one_border_color__hover_enabled=&#8221;off&#8221; button_two_border_color__hover_enabled=&#8221;off&#8221; button_border_radius__hover_enabled=&#8221;off&#8221; button_one_border_radius__hover_enabled=&#8221;off&#8221; button_two_border_radius__hover_enabled=&#8221;off&#8221; button_letter_spacing__hover_enabled=&#8221;off&#8221; button_one_letter_spacing__hover_enabled=&#8221;off&#8221; button_two_letter_spacing__hover_enabled=&#8221;off&#8221; button_bg_color__hover_enabled=&#8221;off&#8221; button_one_bg_color__hover_enabled=&#8221;off&#8221; button_two_bg_color__hover_enabled=&#8221;off&#8221;][\/et_pb_contact_field][et_pb_contact_field field_id=&#8221;Email&#8221; field_title=&#8221;E-Mail&#8221; field_type=&#8221;email&#8221; _builder_version=&#8221;4.27.5&#8243; global_colors_info=&#8221;{}&#8221; button_text_size__hover_enabled=&#8221;off&#8221; button_one_text_size__hover_enabled=&#8221;off&#8221; button_two_text_size__hover_enabled=&#8221;off&#8221; button_text_color__hover_enabled=&#8221;off&#8221; button_one_text_color__hover_enabled=&#8221;off&#8221; button_two_text_color__hover_enabled=&#8221;off&#8221; button_border_width__hover_enabled=&#8221;off&#8221; button_one_border_width__hover_enabled=&#8221;off&#8221; button_two_border_width__hover_enabled=&#8221;off&#8221; button_border_color__hover_enabled=&#8221;off&#8221; button_one_border_color__hover_enabled=&#8221;off&#8221; button_two_border_color__hover_enabled=&#8221;off&#8221; button_border_radius__hover_enabled=&#8221;off&#8221; button_one_border_radius__hover_enabled=&#8221;off&#8221; button_two_border_radius__hover_enabled=&#8221;off&#8221; button_letter_spacing__hover_enabled=&#8221;off&#8221; button_one_letter_spacing__hover_enabled=&#8221;off&#8221; button_two_letter_spacing__hover_enabled=&#8221;off&#8221; button_bg_color__hover_enabled=&#8221;off&#8221; button_one_bg_color__hover_enabled=&#8221;off&#8221; button_two_bg_color__hover_enabled=&#8221;off&#8221;][\/et_pb_contact_field][et_pb_contact_field field_id=&#8221;Company&#8221; field_title=&#8221;Company&#8221; required_mark=&#8221;off&#8221; fullwidth_field=&#8221;on&#8221; _builder_version=&#8221;4.27.5&#8243; _module_preset=&#8221;default&#8221; global_colors_info=&#8221;{}&#8221;][\/et_pb_contact_field][et_pb_contact_field field_id=&#8221;Customer_number&#8221; field_title=&#8221;Customer number&#8221; required_mark=&#8221;off&#8221; _builder_version=&#8221;4.27.5&#8243; _module_preset=&#8221;default&#8221; global_colors_info=&#8221;{}&#8221;][\/et_pb_contact_field][et_pb_contact_field field_id=&#8221;Phone&#8221; field_title=&#8221;Phone&#8221; required_mark=&#8221;off&#8221; _builder_version=&#8221;4.27.5&#8243; _module_preset=&#8221;default&#8221; global_colors_info=&#8221;{}&#8221;][\/et_pb_contact_field][et_pb_contact_field field_id=&#8221;Message&#8221; field_title=&#8221;Message&#8221; field_type=&#8221;text&#8221; fullwidth_field=&#8221;on&#8221; _builder_version=&#8221;4.27.5&#8243; hover_enabled=&#8221;0&#8243; global_colors_info=&#8221;{}&#8221; button_text_size__hover_enabled=&#8221;off&#8221; button_one_text_size__hover_enabled=&#8221;off&#8221; button_two_text_size__hover_enabled=&#8221;off&#8221; button_text_color__hover_enabled=&#8221;off&#8221; button_one_text_color__hover_enabled=&#8221;off&#8221; button_two_text_color__hover_enabled=&#8221;off&#8221; button_border_width__hover_enabled=&#8221;off&#8221; button_one_border_width__hover_enabled=&#8221;off&#8221; button_two_border_width__hover_enabled=&#8221;off&#8221; button_border_color__hover_enabled=&#8221;off&#8221; button_one_border_color__hover_enabled=&#8221;off&#8221; button_two_border_color__hover_enabled=&#8221;off&#8221; button_border_radius__hover_enabled=&#8221;off&#8221; button_one_border_radius__hover_enabled=&#8221;off&#8221; button_two_border_radius__hover_enabled=&#8221;off&#8221; button_letter_spacing__hover_enabled=&#8221;off&#8221; button_one_letter_spacing__hover_enabled=&#8221;off&#8221; button_two_letter_spacing__hover_enabled=&#8221;off&#8221; button_bg_color__hover_enabled=&#8221;off&#8221; button_one_bg_color__hover_enabled=&#8221;off&#8221; button_two_bg_color__hover_enabled=&#8221;off&#8221; sticky_enabled=&#8221;0&#8243;][\/et_pb_contact_field][\/et_pb_contact_form][et_pb_wc_meta _builder_version=&#8221;4.16&#8243; global_colors_info=&#8221;{}&#8221;][\/et_pb_wc_meta][\/et_pb_column][\/et_pb_row][et_pb_row _builder_version=&#8221;4.16&#8243; background_size=&#8221;initial&#8221; background_position=&#8221;top_left&#8221; background_repeat=&#8221;repeat&#8221; width=&#8221;100%&#8221; global_colors_info=&#8221;{}&#8221;][et_pb_column type=&#8221;4_4&#8243; _builder_version=&#8221;4.16&#8243; custom_padding=&#8221;|||&#8221; global_colors_info=&#8221;{}&#8221; custom_padding__hover=&#8221;|||&#8221;][et_pb_wc_tabs _builder_version=&#8221;4.16&#8243; global_colors_info=&#8221;{}&#8221;]\t\t\t\t\t[\/et_pb_wc_tabs][et_pb_wc_upsells _builder_version=&#8221;4.16&#8243; global_colors_info=&#8221;{}&#8221;][\/et_pb_wc_upsells][et_pb_wc_related_products _builder_version=&#8221;4.16&#8243; global_colors_info=&#8221;{}&#8221;][\/et_pb_wc_related_products][\/et_pb_column][\/et_pb_row][\/et_pb_section]<\/p>\n","protected":false},"excerpt":{"rendered":"<p data-start=\"751\" data-end=\"913\">Dieser Reflektor f\u00fcr die Stroboskope der Movistrob\u00ae-Serien 300, 400 und 500 dient zur pr\u00e4zisen Definition der Lichtrichtung und des Abstrahlwinkels bei stroboskopischen Pr\u00fcfungen.<\/p>\n<p data-start=\"915\" data-end=\"1202\">Der aus hochwertigem Aluminium gefertigte Reflektor optimiert die Lichtleistung und verhindert einen Verlust der Helligkeit.<br data-start=\"1035\" data-end=\"1038\" \/>Es unterst\u00fctzt die kontrollierte Ausleuchtung des Inspektionsbereichs und eignet sich daher ideal f\u00fcr Anwendungen, bei denen eine pr\u00e4zise Lichtf\u00fchrung und eine gleichm\u00e4\u00dfige Ausleuchtung erforderlich sind.<\/p>\n<p data-start=\"1204\" data-end=\"1348\">Der Reflektor ist leicht, langlebig und speziell f\u00fcr die nahtlose Kompatibilit\u00e4t mit Ger\u00e4ten der Movistrob\u00ae-Serien 300, 400 und 500 konzipiert.<\/p>","protected":false},"featured_media":4312,"template":"","meta":{"_et_pb_use_builder":"on","_et_pb_old_content":"<div class=\"pttxt\">\r\n<table style=\"height: 109px;width: 670px\">\r\n<tbody>\r\n<tr style=\"height: 24px\">\r\n<td style=\"height: 10px;width: 292.438px\">Dimensions:<\/td>\r\n<td style=\"width: 361.562px;height: 10px\">\u00d8 95 mm, H: 25 mm<\/td>\r\n<\/tr>\r\n<tr style=\"height: 23px\">\r\n<td style=\"height: 23px;width: 292.438px\">Material:<\/td>\r\n<td style=\"height: 23px;width: 361.562px\">Aluminium<\/td>\r\n<\/tr>\r\n<tr style=\"height: 23px\">\r\n<td style=\"height: 23px;width: 292.438px\">Compatible with:<\/td>\r\n<td style=\"height: 23px;width: 361.562px\">Movistrob\u00ae Serien 300, 400, 500<\/td>\r\n<\/tr>\r\n<tr style=\"height: 23px\">\r\n<td style=\"height: 23px;width: 292.438px\">Function:<\/td>\r\n<td style=\"height: 23px;width: 361.562px\">Light detection and beam angle control<\/td>\r\n<\/tr>\r\n<tr style=\"height: 30px\">\r\n<td style=\"height: 30px;width: 292.438px\">Weight:<\/td>\r\n<td style=\"height: 30px;width: 361.562px\">0,015 kg<\/td>\r\n<\/tr>\r\n<\/tbody>\r\n<\/table>\r\n<\/div>\r\n<div>\r\n<div class=\"pttxt\"><\/div>\r\n<\/div>","_et_gb_content_width":""},"product_brand":[],"product_cat":[45],"product_tag":[57,37,165,36,168,46,40,171,112,108,172,62,58,166,38,173,174,175,56,170,60,169,163,35,39,59],"class_list":{"0":"post-3974","1":"product","2":"type-product","3":"status-publish","4":"has-post-thumbnail","6":"product_cat-zubehoer","7":"product_tag-115v","8":"product_tag-230v","9":"product_tag-aluminium-reflector","10":"product_tag-analog","11":"product_tag-beam-angle-control","12":"product_tag-blitzroehre","13":"product_tag-digital","14":"product_tag-industrial-lighting-reflector","15":"product_tag-industrial-measurement-accessory","16":"product_tag-industrial-stroboscope-accessory","17":"product_tag-inspection-light-reflector","18":"product_tag-licht","19":"product_tag-lichtintensitaet","20":"product_tag-light-direction-control","21":"product_tag-movistrob","22":"product_tag-movistrob-series-300","23":"product_tag-movistrob-series-400","24":"product_tag-movistrob-series-500","25":"product_tag-netzteil","26":"product_tag-optical-reflector","27":"product_tag-schutz","28":"product_tag-stroboscope-light-reflector","29":"product_tag-stroboscope-reflector","30":"product_tag-stroboskop","31":"product_tag-xenon","32":"product_tag-zubehoer","34":"first","35":"instock","36":"taxable","37":"shipping-taxable","38":"purchasable","39":"product-type-simple"},"yoast_head":"<!-- This site is optimized with the Yoast SEO Premium plugin v27.2 (Yoast SEO v27.2) - https:\/\/yoast.com\/product\/yoast-seo-premium-wordpress\/ -->\n<title>Reflector for Movistrob Series 300, 400, 500 | BBE GmbH<\/title>\n<meta name=\"description\" content=\"Aluminium reflector for Movistrob Series 300, 400 and 500. Defines light direction and beam angle while reducing brightness loss.\" \/>\n<meta name=\"robots\" content=\"index, follow, max-snippet:-1, max-image-preview:large, max-video-preview:-1\" \/>\n<link rel=\"canonical\" href=\"https:\/\/bbe-gmbh.com\/de\/produkt\/reflector-for-movistrob-series-300-400-and-500\/\" \/>\n<meta property=\"og:locale\" content=\"de_DE\" \/>\n<meta property=\"og:type\" content=\"article\" \/>\n<meta property=\"og:title\" content=\"Reflector for Movistrob\u00ae Series 300, 400 and 500\" \/>\n<meta property=\"og:description\" content=\"Aluminium reflector for Movistrob Series 300, 400 and 500. Defines light direction and beam angle while reducing brightness loss.\" \/>\n<meta property=\"og:url\" content=\"https:\/\/bbe-gmbh.com\/de\/produkt\/reflector-for-movistrob-series-300-400-and-500\/\" \/>\n<meta property=\"og:site_name\" content=\"BBE GmbH | High-Performance Industrial Stroboscopes &amp; Measurement Systems\" \/>\n<meta property=\"article:modified_time\" content=\"2026-02-03T10:14:54+00:00\" \/>\n<meta property=\"og:image\" content=\"https:\/\/bbe-gmbh.com\/wp-content\/uploads\/2023\/11\/Reflektor-fuer-MOVISTROB-Serien-300-400-500-Stroboskop-BBE-GmbH.jpg\" \/>\n\t<meta property=\"og:image:width\" content=\"1620\" \/>\n\t<meta property=\"og:image:height\" content=\"1620\" \/>\n\t<meta property=\"og:image:type\" content=\"image\/jpeg\" \/>\n<meta name=\"twitter:card\" content=\"summary_large_image\" \/>\n<meta name=\"twitter:label1\" content=\"Gesch\u00e4tzte Lesezeit\" \/>\n\t<meta name=\"twitter:data1\" content=\"4\u00a0Minuten\" \/>\n<script type=\"application\/ld+json\" class=\"yoast-schema-graph\">{\"@context\":\"https:\/\/schema.org\",\"@graph\":[{\"@type\":\"WebPage\",\"@id\":\"https:\/\/bbe-gmbh.com\/produkt\/reflector-for-movistrob-series-300-400-and-500\/\",\"url\":\"https:\/\/bbe-gmbh.com\/produkt\/reflector-for-movistrob-series-300-400-and-500\/\",\"name\":\"Reflector for Movistrob Series 300, 400, 500 | BBE GmbH\",\"isPartOf\":{\"@id\":\"https:\/\/bbe-gmbh.com\/#website\"},\"primaryImageOfPage\":{\"@id\":\"https:\/\/bbe-gmbh.com\/produkt\/reflector-for-movistrob-series-300-400-and-500\/#primaryimage\"},\"image\":{\"@id\":\"https:\/\/bbe-gmbh.com\/produkt\/reflector-for-movistrob-series-300-400-and-500\/#primaryimage\"},\"thumbnailUrl\":\"https:\/\/bbe-gmbh.com\/wp-content\/uploads\/2023\/11\/Reflektor-fuer-MOVISTROB-Serien-300-400-500-Stroboskop-BBE-GmbH.jpg\",\"datePublished\":\"2023-11-17T10:46:25+00:00\",\"dateModified\":\"2026-02-03T10:14:54+00:00\",\"description\":\"Aluminium reflector for Movistrob Series 300, 400 and 500. Defines light direction and beam angle while reducing brightness loss.\",\"breadcrumb\":{\"@id\":\"https:\/\/bbe-gmbh.com\/produkt\/reflector-for-movistrob-series-300-400-and-500\/#breadcrumb\"},\"inLanguage\":\"de\",\"potentialAction\":[{\"@type\":\"ReadAction\",\"target\":[\"https:\/\/bbe-gmbh.com\/produkt\/reflector-for-movistrob-series-300-400-and-500\/\"]}]},{\"@type\":\"ImageObject\",\"inLanguage\":\"de\",\"@id\":\"https:\/\/bbe-gmbh.com\/produkt\/reflector-for-movistrob-series-300-400-and-500\/#primaryimage\",\"url\":\"https:\/\/bbe-gmbh.com\/wp-content\/uploads\/2023\/11\/Reflektor-fuer-MOVISTROB-Serien-300-400-500-Stroboskop-BBE-GmbH.jpg\",\"contentUrl\":\"https:\/\/bbe-gmbh.com\/wp-content\/uploads\/2023\/11\/Reflektor-fuer-MOVISTROB-Serien-300-400-500-Stroboskop-BBE-GmbH.jpg\",\"width\":1620,\"height\":1620,\"caption\":\"Aluminium reflector for Movistrob Series 300, 400 and 500 industrial stroboscopes\"},{\"@type\":\"BreadcrumbList\",\"@id\":\"https:\/\/bbe-gmbh.com\/produkt\/reflector-for-movistrob-series-300-400-and-500\/#breadcrumb\",\"itemListElement\":[{\"@type\":\"ListItem\",\"position\":1,\"name\":\"Startseite\",\"item\":\"https:\/\/bbe-gmbh.com\/\"},{\"@type\":\"ListItem\",\"position\":2,\"name\":\"Produkte\",\"item\":\"https:\/\/bbe-gmbh.com\/shop\/\"},{\"@type\":\"ListItem\",\"position\":3,\"name\":\"Reflector for Movistrob\u00ae Series 300, 400 and 500\"}]},{\"@type\":\"WebSite\",\"@id\":\"https:\/\/bbe-gmbh.com\/#website\",\"url\":\"https:\/\/bbe-gmbh.com\/\",\"name\":\"BBE GmbH | High-Performance Industrial Stroboscopes &amp; Measurement Systems\",\"description\":\"Precision Solutions for Industrial Measurement &amp; Motion Analysis\",\"publisher\":{\"@id\":\"https:\/\/bbe-gmbh.com\/#organization\"},\"potentialAction\":[{\"@type\":\"SearchAction\",\"target\":{\"@type\":\"EntryPoint\",\"urlTemplate\":\"https:\/\/bbe-gmbh.com\/?s={search_term_string}\"},\"query-input\":{\"@type\":\"PropertyValueSpecification\",\"valueRequired\":true,\"valueName\":\"search_term_string\"}}],\"inLanguage\":\"de\"},{\"@type\":\"Organization\",\"@id\":\"https:\/\/bbe-gmbh.com\/#organization\",\"name\":\"BBE Bamberg + Bormann-Electronic GmbH\",\"alternateName\":\"BBE Bamberg + Bormann-Electronic GmbH\",\"url\":\"https:\/\/bbe-gmbh.com\/\",\"logo\":{\"@type\":\"ImageObject\",\"inLanguage\":\"de\",\"@id\":\"https:\/\/bbe-gmbh.com\/#\/schema\/logo\/image\/\",\"url\":\"https:\/\/bbe-gmbh.com\/wp-content\/uploads\/2026\/02\/BBE-Logo-neu-2025.png\",\"contentUrl\":\"https:\/\/bbe-gmbh.com\/wp-content\/uploads\/2026\/02\/BBE-Logo-neu-2025.png\",\"width\":500,\"height\":500,\"caption\":\"BBE Bamberg + Bormann-Electronic GmbH\"},\"image\":{\"@id\":\"https:\/\/bbe-gmbh.com\/#\/schema\/logo\/image\/\"},\"description\":\"BBE Bamberg + Bormann Electronic GmbH is a German manufacturer and solution provider specializing in industrial stroboscopes and optical inspection technology. With decades of experience in electronic engineering and industrial measurement systems, BBE develops, produces, and distributes high-precision stroboscopic devices for professional use in industry, manufacturing, and quality control. The company\u2019s product portfolio includes handheld and stationary stroboscopes, LED-based and xenon systems, as well as customized solutions for non-contact speed measurement, motion analysis, and visual inspection of high-speed processes. BBE stroboscopes are widely used in industries such as mechanical engineering, printing, packaging, textiles, automotive manufacturing, and research & development. BBE stands for precision, reliability, and durability. All products are designed for continuous industrial operation and meet high standards of accuracy, safety, and ergonomics. Through continuous innovation and the integration of modern LED and digital control technologies, BBE supports its customers in optimizing production processes, reducing downtime, and improving product quality.\",\"email\":\"info@bbe-gmbh.com\",\"telephone\":\"02932547760\",\"legalName\":\"BBE Bamberg + Bormann-Electronic GmbH\",\"foundingDate\":\"1969-01-01\",\"numberOfEmployees\":{\"@type\":\"QuantitativeValue\",\"minValue\":\"1\",\"maxValue\":\"10\"}}]}<\/script>\n<!-- \/ Yoast SEO Premium plugin. -->","yoast_head_json":{"title":"Reflector for Movistrob Series 300, 400, 500 | BBE GmbH","description":"Aluminium reflector for Movistrob Series 300, 400 and 500. Defines light direction and beam angle while reducing brightness loss.","robots":{"index":"index","follow":"follow","max-snippet":"max-snippet:-1","max-image-preview":"max-image-preview:large","max-video-preview":"max-video-preview:-1"},"canonical":"https:\/\/bbe-gmbh.com\/de\/produkt\/reflector-for-movistrob-series-300-400-and-500\/","og_locale":"de_DE","og_type":"article","og_title":"Reflector for Movistrob\u00ae Series 300, 400 and 500","og_description":"Aluminium reflector for Movistrob Series 300, 400 and 500. Defines light direction and beam angle while reducing brightness loss.","og_url":"https:\/\/bbe-gmbh.com\/de\/produkt\/reflector-for-movistrob-series-300-400-and-500\/","og_site_name":"BBE GmbH | High-Performance Industrial Stroboscopes &amp; Measurement Systems","article_modified_time":"2026-02-03T10:14:54+00:00","og_image":[{"width":1620,"height":1620,"url":"https:\/\/bbe-gmbh.com\/wp-content\/uploads\/2023\/11\/Reflektor-fuer-MOVISTROB-Serien-300-400-500-Stroboskop-BBE-GmbH.jpg","type":"image\/jpeg"}],"twitter_card":"summary_large_image","twitter_misc":{"Gesch\u00e4tzte Lesezeit":"4\u00a0Minuten"},"schema":{"@context":"https:\/\/schema.org","@graph":[{"@type":"WebPage","@id":"https:\/\/bbe-gmbh.com\/produkt\/reflector-for-movistrob-series-300-400-and-500\/","url":"https:\/\/bbe-gmbh.com\/produkt\/reflector-for-movistrob-series-300-400-and-500\/","name":"Reflector for Movistrob Series 300, 400, 500 | BBE GmbH","isPartOf":{"@id":"https:\/\/bbe-gmbh.com\/#website"},"primaryImageOfPage":{"@id":"https:\/\/bbe-gmbh.com\/produkt\/reflector-for-movistrob-series-300-400-and-500\/#primaryimage"},"image":{"@id":"https:\/\/bbe-gmbh.com\/produkt\/reflector-for-movistrob-series-300-400-and-500\/#primaryimage"},"thumbnailUrl":"https:\/\/bbe-gmbh.com\/wp-content\/uploads\/2023\/11\/Reflektor-fuer-MOVISTROB-Serien-300-400-500-Stroboskop-BBE-GmbH.jpg","datePublished":"2023-11-17T10:46:25+00:00","dateModified":"2026-02-03T10:14:54+00:00","description":"Aluminium reflector for Movistrob Series 300, 400 and 500. Defines light direction and beam angle while reducing brightness loss.","breadcrumb":{"@id":"https:\/\/bbe-gmbh.com\/produkt\/reflector-for-movistrob-series-300-400-and-500\/#breadcrumb"},"inLanguage":"de","potentialAction":[{"@type":"ReadAction","target":["https:\/\/bbe-gmbh.com\/produkt\/reflector-for-movistrob-series-300-400-and-500\/"]}]},{"@type":"ImageObject","inLanguage":"de","@id":"https:\/\/bbe-gmbh.com\/produkt\/reflector-for-movistrob-series-300-400-and-500\/#primaryimage","url":"https:\/\/bbe-gmbh.com\/wp-content\/uploads\/2023\/11\/Reflektor-fuer-MOVISTROB-Serien-300-400-500-Stroboskop-BBE-GmbH.jpg","contentUrl":"https:\/\/bbe-gmbh.com\/wp-content\/uploads\/2023\/11\/Reflektor-fuer-MOVISTROB-Serien-300-400-500-Stroboskop-BBE-GmbH.jpg","width":1620,"height":1620,"caption":"Aluminium reflector for Movistrob Series 300, 400 and 500 industrial stroboscopes"},{"@type":"BreadcrumbList","@id":"https:\/\/bbe-gmbh.com\/produkt\/reflector-for-movistrob-series-300-400-and-500\/#breadcrumb","itemListElement":[{"@type":"ListItem","position":1,"name":"Startseite","item":"https:\/\/bbe-gmbh.com\/"},{"@type":"ListItem","position":2,"name":"Produkte","item":"https:\/\/bbe-gmbh.com\/shop\/"},{"@type":"ListItem","position":3,"name":"Reflector for Movistrob\u00ae Series 300, 400 and 500"}]},{"@type":"WebSite","@id":"https:\/\/bbe-gmbh.com\/#website","url":"https:\/\/bbe-gmbh.com\/","name":"BBE GmbH | High-Performance Industrial Stroboscopes &amp; Measurement Systems","description":"Precision Solutions for Industrial Measurement &amp; Motion Analysis","publisher":{"@id":"https:\/\/bbe-gmbh.com\/#organization"},"potentialAction":[{"@type":"SearchAction","target":{"@type":"EntryPoint","urlTemplate":"https:\/\/bbe-gmbh.com\/?s={search_term_string}"},"query-input":{"@type":"PropertyValueSpecification","valueRequired":true,"valueName":"search_term_string"}}],"inLanguage":"de"},{"@type":"Organization","@id":"https:\/\/bbe-gmbh.com\/#organization","name":"BBE Bamberg + Bormann-Electronic GmbH","alternateName":"BBE Bamberg + Bormann-Electronic GmbH","url":"https:\/\/bbe-gmbh.com\/","logo":{"@type":"ImageObject","inLanguage":"de","@id":"https:\/\/bbe-gmbh.com\/#\/schema\/logo\/image\/","url":"https:\/\/bbe-gmbh.com\/wp-content\/uploads\/2026\/02\/BBE-Logo-neu-2025.png","contentUrl":"https:\/\/bbe-gmbh.com\/wp-content\/uploads\/2026\/02\/BBE-Logo-neu-2025.png","width":500,"height":500,"caption":"BBE Bamberg + Bormann-Electronic GmbH"},"image":{"@id":"https:\/\/bbe-gmbh.com\/#\/schema\/logo\/image\/"},"description":"BBE Bamberg + Bormann Electronic GmbH is a German manufacturer and solution provider specializing in industrial stroboscopes and optical inspection technology. With decades of experience in electronic engineering and industrial measurement systems, BBE develops, produces, and distributes high-precision stroboscopic devices for professional use in industry, manufacturing, and quality control. The company\u2019s product portfolio includes handheld and stationary stroboscopes, LED-based and xenon systems, as well as customized solutions for non-contact speed measurement, motion analysis, and visual inspection of high-speed processes. BBE stroboscopes are widely used in industries such as mechanical engineering, printing, packaging, textiles, automotive manufacturing, and research & development. BBE stands for precision, reliability, and durability. All products are designed for continuous industrial operation and meet high standards of accuracy, safety, and ergonomics. Through continuous innovation and the integration of modern LED and digital control technologies, BBE supports its customers in optimizing production processes, reducing downtime, and improving product quality.","email":"info@bbe-gmbh.com","telephone":"02932547760","legalName":"BBE Bamberg + Bormann-Electronic GmbH","foundingDate":"1969-01-01","numberOfEmployees":{"@type":"QuantitativeValue","minValue":"1","maxValue":"10"}}]}},"jetpack_sharing_enabled":true,"_links":{"self":[{"href":"https:\/\/bbe-gmbh.com\/de\/wp-json\/wp\/v2\/product\/3974","targetHints":{"allow":["GET"]}}],"collection":[{"href":"https:\/\/bbe-gmbh.com\/de\/wp-json\/wp\/v2\/product"}],"about":[{"href":"https:\/\/bbe-gmbh.com\/de\/wp-json\/wp\/v2\/types\/product"}],"wp:featuredmedia":[{"embeddable":true,"href":"https:\/\/bbe-gmbh.com\/de\/wp-json\/wp\/v2\/media\/4312"}],"wp:attachment":[{"href":"https:\/\/bbe-gmbh.com\/de\/wp-json\/wp\/v2\/media?parent=3974"}],"wp:term":[{"taxonomy":"product_brand","embeddable":true,"href":"https:\/\/bbe-gmbh.com\/de\/wp-json\/wp\/v2\/product_brand?post=3974"},{"taxonomy":"product_cat","embeddable":true,"href":"https:\/\/bbe-gmbh.com\/de\/wp-json\/wp\/v2\/product_cat?post=3974"},{"taxonomy":"product_tag","embeddable":true,"href":"https:\/\/bbe-gmbh.com\/de\/wp-json\/wp\/v2\/product_tag?post=3974"}],"curies":[{"name":"wp","href":"https:\/\/api.w.org\/{rel}","templated":true}]}}